{"id":92,"date":"2024-04-09T00:35:44","date_gmt":"2024-04-08T22:35:44","guid":{"rendered":"https:\/\/grupetta.app\/?page_id=92"},"modified":"2024-04-09T18:46:19","modified_gmt":"2024-04-09T16:46:19","slug":"politica-de-privacidad-grupetta-app","status":"publish","type":"page","link":"https:\/\/grupetta.app\/en\/politica-de-privacidad-grupetta-app\/","title":{"rendered":"App Privacy policy"},"content":{"rendered":"<div data-elementor-type=\"wp-page\" data-elementor-id=\"92\" class=\"elementor elementor-92\" data-elementor-post-type=\"page\">\n\t\t\t\t<div class=\"elementor-element elementor-element-54905de e-flex e-con-boxed e-con e-parent\" data-id=\"54905de\" data-element_type=\"container\" data-core-v316-plus=\"true\">\n\t\t\t\t\t<div class=\"e-con-inner\">\n\t\t\t\t<div class=\"elementor-element elementor-element-59fa7c3 elementor-widget elementor-widget-text-editor\" data-id=\"59fa7c3\" data-element_type=\"widget\" data-widget_type=\"text-editor.default\">\n\t\t\t\t<div class=\"elementor-widget-container\">\n\t\t\t<style>\/*! elementor - v3.20.0 - 26-03-2024 *\/\n.elementor-widget-text-editor.elementor-drop-cap-view-stacked .elementor-drop-cap{background-color:#69727d;color:#fff}.elementor-widget-text-editor.elementor-drop-cap-view-framed .elementor-drop-cap{color:#69727d;border:3px solid;background-color:transparent}.elementor-widget-text-editor:not(.elementor-drop-cap-view-default) .elementor-drop-cap{margin-top:8px}.elementor-widget-text-editor:not(.elementor-drop-cap-view-default) .elementor-drop-cap-letter{width:1em;height:1em}.elementor-widget-text-editor .elementor-drop-cap{float:left;text-align:center;line-height:1;font-size:50px}.elementor-widget-text-editor .elementor-drop-cap-letter{display:inline-block}<\/style>\t\t\t\t<p><strong>Grupetta Privacy Policy<\/strong><\/p>\n<p>The Grupetta mobile application is distributed by Sergio P\u00e9rez Garc\u00eda, with ID number 33469279R. At Grupetta, we take our users' privacy very seriously and are committed to protecting it in accordance with applicable data protection laws.<\/p>\n<p><strong>Data Collection and Use<\/strong><\/p>\n<p>Grupetta collects certain user information for the operation of the application. Occasionally, the application may use GPS positioning information to geolocate routes, groups, or nearby areas. It is important to note that this location information is not collected continuously but only when necessary to provide specific functionalities of the application.<\/p>\n<p>The data collected by Grupetta is used exclusively for the operation of the application and is not shared with third parties or companies.<\/p>\n<p><strong>Data Storage<\/strong><\/p>\n<p>The data collected by Grupetta is stored permanently on our servers unless the user decides to delete them.<\/p>\n<p><strong>User Rights<\/strong><\/p>\n<p>Grupetta users have the right to access, rectify, limit, or object to the processing of their personal data. They also have the right to request the deletion of their personal data at any time. To exercise any of these rights, users can contact us via email at <a target=\"_new\">info@grupetta.app<\/a>.<\/p><p><span style=\"color: var( --e-global-color-text ); font-family: var( --e-global-typography-text-font-family ), Sans-serif; font-weight: var( --e-global-typography-text-font-weight ); text-align: var(--text-align); font-size: 1rem;\">The personal data we collect includes: Full name, age, and gender. These fields are entirely optional.<\/span><br><\/p><p>Any data provided for groups and activities within the application become part of the application's data, with no possibility of deletion as it is not possible within the system's operation. Likewise, messages and images uploaded in the app's public chats become part of our database, with deletion not being possible.<\/p>\n<p><strong>Complaints and Contact<\/strong><\/p>\n<p>In case of any abuse or concerns about data privacy, users can file a complaint through our website grupetta.app or by sending an email to <a target=\"_new\">info@grupetta.app<\/a>. We are committed to addressing any privacy concerns promptly and effectively.<\/p>\n<p><strong>Changes to the Privacy Policy<\/strong><\/p>\n<p>Grupetta reserves the right to update this Privacy Policy at any time. Users are encouraged to periodically review this page to be informed about how we protect personal information.<\/p>\t\t\t\t\t\t<\/div>\n\t\t\t\t<\/div>\n\t\t\t\t\t<\/div>\n\t\t\t\t<\/div>\n\t\t\t\t<\/div>","protected":false},"excerpt":{"rendered":"<p>Pol\u00edtica de Privacidad de Grupetta La aplicaci\u00f3n m\u00f3vil Grupetta es distribuida por Sergio P\u00e9rez Garc\u00eda, con DNI 33469279R. En Grupetta, nos tomamos muy en serio la privacidad de nuestros usuarios y nos comprometemos a protegerla de acuerdo con las leyes de protecci\u00f3n de datos aplicables. Recopilaci\u00f3n y Uso de Datos Grupetta recopila cierta informaci\u00f3n del [&hellip;]<\/p>","protected":false},"author":1,"featured_media":0,"parent":0,"menu_order":0,"comment_status":"closed","ping_status":"closed","template":"","meta":{"footnotes":""},"class_list":["post-92","page","type-page","status-publish","hentry"],"_links":{"self":[{"href":"https:\/\/grupetta.app\/en\/wp-json\/wp\/v2\/pages\/92","targetHints":{"allow":["GET"]}}],"collection":[{"href":"https:\/\/grupetta.app\/en\/wp-json\/wp\/v2\/pages"}],"about":[{"href":"https:\/\/grupetta.app\/en\/wp-json\/wp\/v2\/types\/page"}],"author":[{"embeddable":true,"href":"https:\/\/grupetta.app\/en\/wp-json\/wp\/v2\/users\/1"}],"replies":[{"embeddable":true,"href":"https:\/\/grupetta.app\/en\/wp-json\/wp\/v2\/comments?post=92"}],"version-history":[{"count":8,"href":"https:\/\/grupetta.app\/en\/wp-json\/wp\/v2\/pages\/92\/revisions"}],"predecessor-version":[{"id":100,"href":"https:\/\/grupetta.app\/en\/wp-json\/wp\/v2\/pages\/92\/revisions\/100"}],"wp:attachment":[{"href":"https:\/\/grupetta.app\/en\/wp-json\/wp\/v2\/media?parent=92"}],"curies":[{"name":"wp","href":"https:\/\/api.w.org\/{rel}","templated":true}]}}